{"id":393622,"date":"2026-04-02T12:32:48","date_gmt":"2026-04-02T10:32:48","guid":{"rendered":"https:\/\/vtdevelopment.pl\/?post_type=product&#038;p=393622"},"modified":"2026-04-02T12:37:17","modified_gmt":"2026-04-02T10:37:17","slug":"lokal-uzytkowy-przemyslowa-6-zabrze-1349m2","status":"publish","type":"product","link":"https:\/\/vtdevelopment.pl\/en\/produkt\/lokal-uzytkowy-przemyslowa-6-zabrze-1349m2\/","title":{"rendered":"Lokal u\u017cytkowy &#8211; Przemys\u0142owa 6, Zabrze 13,49m2"},"content":{"rendered":"<div class=\"xdj266r x14z9mp xat24cr x1lziwak x1vvkbs x126k92a\"><\/div>\n<div class=\"x14z9mp xat24cr x1lziwak x1vvkbs xtlvy1s x126k92a\"><\/div>\n<div class=\"x14z9mp xat24cr x1lziwak x1vvkbs xtlvy1s x126k92a\">\n<div dir=\"auto\">Szczeg\u00f3\u0142y pod numerem:<br \/>\n+48609 690 023<\/p>\n<p>Do wynaj\u0119cia lokal u\u017cytkowy o powierzchni 13,49 m\u00b2 w Zabrzu przy ul. Przemys\u0142owej 6:<\/p>\n<p>-\u015awietna, widoczna lokalizacja<br \/>\n-Dost\u0119pny parking dla klient\u00f3w<br \/>\n-Lokal gotowy do rozpocz\u0119cia dzia\u0142alno\u015bci<br \/>\n-Pomieszczenie socjalne<br \/>\n-Budynek dostosowany do u\u017cytku komercyjnego<br \/>\n-Konkurencyjny czynsz !!<\/p>\n<p>To doskona\u0142a okazja, je\u015bli szukasz niewielkiej, funkcjonalnej przestrzeni w dobrej lokalizacji!<\/p>\n<p>Skontaktuj si\u0119 ju\u017c dzi\u015b i um\u00f3w na ogl\u0119dziny!<\/p><\/div>\n<\/div>\n","protected":false},"excerpt":{"rendered":"<p>Szczeg\u00f3\u0142y pod numerem: +48609 690 023 Do wynaj\u0119cia lokal u\u017cytkowy o powierzchni 13,49 m\u00b2 w Zabrzu przy ul. Przemys\u0142owej 6: -\u015awietna, widoczna lokalizacja -Dost\u0119pny parking dla klient\u00f3w -Lokal gotowy do rozpocz\u0119cia dzia\u0142alno\u015bci -Pomieszczenie socjalne -Budynek dostosowany do u\u017cytku komercyjnego -Konkurencyjny czynsz !! To doskona\u0142a okazja, je\u015bli szukasz niewielkiej, funkcjonalnej przestrzeni w dobrej lokalizacji! Skontaktuj si\u0119 [&hellip;]<\/p>\n","protected":false},"featured_media":393631,"comment_status":"open","ping_status":"closed","template":"","meta":{"_et_pb_use_builder":"","_et_pb_old_content":"","_et_gb_content_width":""},"product_cat":[39],"product_tag":[97,93,96,95,115],"yoast_head":"<!-- This site is optimized with the Yoast SEO plugin v24.2 - https:\/\/yoast.com\/wordpress\/plugins\/seo\/ -->\n<title>Lokal u\u017cytkowy - Przemys\u0142owa 6, Zabrze 13,49m2 - VT Development P.S.A.<\/title>\n<meta name=\"description\" content=\"Do wynaj\u0119cia lokal u\u017cytkowy o powierzchni 13,49m2 w bardzo dobrej lokalizacji w Zabrzu \u2013 tu\u017c obok Ronda Sybirak\u00f3w.\u00a0*\u015awietna lokalizacja \u2013 du\u017cy ruch pieszych\u00a0*Du\u017ce zag\u0119szczenie mieszka\u0144c\u00f3w w okolicy\u00a0*Mo\u017cliwo\u015b\u0107 parkowania bezpo\u015brednio przy lokalu\u00a0*Idealny pod us\u0142ugi, biuro, sklep lub dzia\u0142alno\u015b\u0107 handlow\u0105 Zapraszamy do kontaktu w celu om\u00f3wienia szczeg\u00f3\u0142\u00f3w i prezentacji lokalu.+ 48 609 690 023\" \/>\n<meta name=\"robots\" content=\"index, follow, max-snippet:-1, max-image-preview:large, max-video-preview:-1\" \/>\n<link rel=\"canonical\" href=\"https:\/\/vtdevelopment.pl\/produkt\/lokal-uzytkowy-przemyslowa-6-zabrze-1349m2\/\" \/>\n<meta property=\"og:locale\" content=\"en_US\" \/>\n<meta property=\"og:type\" content=\"article\" \/>\n<meta property=\"og:title\" content=\"Lokal u\u017cytkowy - Przemys\u0142owa 6, Zabrze 13,49m2 - VT Development P.S.A.\" \/>\n<meta property=\"og:description\" content=\"Do wynaj\u0119cia lokal u\u017cytkowy o powierzchni 13,49m2 w bardzo dobrej lokalizacji w Zabrzu \u2013 tu\u017c obok Ronda Sybirak\u00f3w.\u00a0*\u015awietna lokalizacja \u2013 du\u017cy ruch pieszych\u00a0*Du\u017ce zag\u0119szczenie mieszka\u0144c\u00f3w w okolicy\u00a0*Mo\u017cliwo\u015b\u0107 parkowania bezpo\u015brednio przy lokalu\u00a0*Idealny pod us\u0142ugi, biuro, sklep lub dzia\u0142alno\u015b\u0107 handlow\u0105 Zapraszamy do kontaktu w celu om\u00f3wienia szczeg\u00f3\u0142\u00f3w i prezentacji lokalu.+ 48 609 690 023\" \/>\n<meta property=\"og:url\" content=\"https:\/\/vtdevelopment.pl\/produkt\/lokal-uzytkowy-przemyslowa-6-zabrze-1349m2\/\" \/>\n<meta property=\"og:site_name\" content=\"VT Development P.S.A.\" \/>\n<meta property=\"article:modified_time\" content=\"2026-04-02T10:37:17+00:00\" \/>\n<meta property=\"og:image\" content=\"https:\/\/vtdevelopment.pl\/wp-content\/uploads\/2026\/04\/Kopia-\u2013-Kopia-\u2013-Kopia-\u2013-Kopia-\u2013-Kopia-\u2013-Kopia-\u2013-Kopia-\u2013-Kopia-\u2013-VT-Development.png\" \/>\n\t<meta property=\"og:image:width\" content=\"1080\" \/>\n\t<meta property=\"og:image:height\" content=\"1080\" \/>\n\t<meta property=\"og:image:type\" content=\"image\/png\" \/>\n<meta name=\"twitter:card\" content=\"summary_large_image\" \/>\n<meta name=\"twitter:label1\" content=\"Est. reading time\" \/>\n\t<meta name=\"twitter:data1\" content=\"1 minute\" \/>\n<script type=\"application\/ld+json\" class=\"yoast-schema-graph\">{\"@context\":\"https:\/\/schema.org\",\"@graph\":[{\"@type\":\"WebPage\",\"@id\":\"https:\/\/vtdevelopment.pl\/produkt\/lokal-uzytkowy-przemyslowa-6-zabrze-1349m2\/\",\"url\":\"https:\/\/vtdevelopment.pl\/produkt\/lokal-uzytkowy-przemyslowa-6-zabrze-1349m2\/\",\"name\":\"Lokal u\u017cytkowy - Przemys\u0142owa 6, Zabrze 13,49m2 - VT Development P.S.A.\",\"isPartOf\":{\"@id\":\"https:\/\/vtdevelopment.pl\/#website\"},\"primaryImageOfPage\":{\"@id\":\"https:\/\/vtdevelopment.pl\/produkt\/lokal-uzytkowy-przemyslowa-6-zabrze-1349m2\/#primaryimage\"},\"image\":{\"@id\":\"https:\/\/vtdevelopment.pl\/produkt\/lokal-uzytkowy-przemyslowa-6-zabrze-1349m2\/#primaryimage\"},\"thumbnailUrl\":\"https:\/\/vtdevelopment.pl\/wp-content\/uploads\/2026\/04\/Kopia-\u2013-Kopia-\u2013-Kopia-\u2013-Kopia-\u2013-Kopia-\u2013-Kopia-\u2013-Kopia-\u2013-Kopia-\u2013-VT-Development.png\",\"datePublished\":\"2026-04-02T10:32:48+00:00\",\"dateModified\":\"2026-04-02T10:37:17+00:00\",\"description\":\"Do wynaj\u0119cia lokal u\u017cytkowy o powierzchni 13,49m2 w bardzo dobrej lokalizacji w Zabrzu \u2013 tu\u017c obok Ronda Sybirak\u00f3w.\u00a0*\u015awietna lokalizacja \u2013 du\u017cy ruch pieszych\u00a0*Du\u017ce zag\u0119szczenie mieszka\u0144c\u00f3w w okolicy\u00a0*Mo\u017cliwo\u015b\u0107 parkowania bezpo\u015brednio przy lokalu\u00a0*Idealny pod us\u0142ugi, biuro, sklep lub dzia\u0142alno\u015b\u0107 handlow\u0105 Zapraszamy do kontaktu w celu om\u00f3wienia szczeg\u00f3\u0142\u00f3w i prezentacji lokalu.+ 48 609 690 023\",\"breadcrumb\":{\"@id\":\"https:\/\/vtdevelopment.pl\/produkt\/lokal-uzytkowy-przemyslowa-6-zabrze-1349m2\/#breadcrumb\"},\"inLanguage\":\"en-US\",\"potentialAction\":[{\"@type\":\"ReadAction\",\"target\":[\"https:\/\/vtdevelopment.pl\/produkt\/lokal-uzytkowy-przemyslowa-6-zabrze-1349m2\/\"]}]},{\"@type\":\"ImageObject\",\"inLanguage\":\"en-US\",\"@id\":\"https:\/\/vtdevelopment.pl\/produkt\/lokal-uzytkowy-przemyslowa-6-zabrze-1349m2\/#primaryimage\",\"url\":\"https:\/\/vtdevelopment.pl\/wp-content\/uploads\/2026\/04\/Kopia-\u2013-Kopia-\u2013-Kopia-\u2013-Kopia-\u2013-Kopia-\u2013-Kopia-\u2013-Kopia-\u2013-Kopia-\u2013-VT-Development.png\",\"contentUrl\":\"https:\/\/vtdevelopment.pl\/wp-content\/uploads\/2026\/04\/Kopia-\u2013-Kopia-\u2013-Kopia-\u2013-Kopia-\u2013-Kopia-\u2013-Kopia-\u2013-Kopia-\u2013-Kopia-\u2013-VT-Development.png\",\"width\":1080,\"height\":1080},{\"@type\":\"BreadcrumbList\",\"@id\":\"https:\/\/vtdevelopment.pl\/produkt\/lokal-uzytkowy-przemyslowa-6-zabrze-1349m2\/#breadcrumb\",\"itemListElement\":[{\"@type\":\"ListItem\",\"position\":1,\"name\":\"Strona g\u0142\u00f3wna\",\"item\":\"https:\/\/vtdevelopment.pl\/en\/home\/\"},{\"@type\":\"ListItem\",\"position\":2,\"name\":\"Shop\",\"item\":\"https:\/\/vtdevelopment.pl\/en\/shop\/\"},{\"@type\":\"ListItem\",\"position\":3,\"name\":\"Lokal u\u017cytkowy &#8211; Przemys\u0142owa 6, Zabrze 13,49m2\"}]},{\"@type\":\"WebSite\",\"@id\":\"https:\/\/vtdevelopment.pl\/#website\",\"url\":\"https:\/\/vtdevelopment.pl\/\",\"name\":\"VT Development P.S.A.\",\"description\":\"\",\"potentialAction\":[{\"@type\":\"SearchAction\",\"target\":{\"@type\":\"EntryPoint\",\"urlTemplate\":\"https:\/\/vtdevelopment.pl\/?s={search_term_string}\"},\"query-input\":{\"@type\":\"PropertyValueSpecification\",\"valueRequired\":true,\"valueName\":\"search_term_string\"}}],\"inLanguage\":\"en-US\"}]}<\/script>\n<!-- \/ Yoast SEO plugin. -->","yoast_head_json":{"title":"Lokal u\u017cytkowy - Przemys\u0142owa 6, Zabrze 13,49m2 - VT Development P.S.A.","description":"Do wynaj\u0119cia lokal u\u017cytkowy o powierzchni 13,49m2 w bardzo dobrej lokalizacji w Zabrzu \u2013 tu\u017c obok Ronda Sybirak\u00f3w.\u00a0*\u015awietna lokalizacja \u2013 du\u017cy ruch pieszych\u00a0*Du\u017ce zag\u0119szczenie mieszka\u0144c\u00f3w w okolicy\u00a0*Mo\u017cliwo\u015b\u0107 parkowania bezpo\u015brednio przy lokalu\u00a0*Idealny pod us\u0142ugi, biuro, sklep lub dzia\u0142alno\u015b\u0107 handlow\u0105 Zapraszamy do kontaktu w celu om\u00f3wienia szczeg\u00f3\u0142\u00f3w i prezentacji lokalu.+ 48 609 690 023","robots":{"index":"index","follow":"follow","max-snippet":"max-snippet:-1","max-image-preview":"max-image-preview:large","max-video-preview":"max-video-preview:-1"},"canonical":"https:\/\/vtdevelopment.pl\/produkt\/lokal-uzytkowy-przemyslowa-6-zabrze-1349m2\/","og_locale":"en_US","og_type":"article","og_title":"Lokal u\u017cytkowy - Przemys\u0142owa 6, Zabrze 13,49m2 - VT Development P.S.A.","og_description":"Do wynaj\u0119cia lokal u\u017cytkowy o powierzchni 13,49m2 w bardzo dobrej lokalizacji w Zabrzu \u2013 tu\u017c obok Ronda Sybirak\u00f3w.\u00a0*\u015awietna lokalizacja \u2013 du\u017cy ruch pieszych\u00a0*Du\u017ce zag\u0119szczenie mieszka\u0144c\u00f3w w okolicy\u00a0*Mo\u017cliwo\u015b\u0107 parkowania bezpo\u015brednio przy lokalu\u00a0*Idealny pod us\u0142ugi, biuro, sklep lub dzia\u0142alno\u015b\u0107 handlow\u0105 Zapraszamy do kontaktu w celu om\u00f3wienia szczeg\u00f3\u0142\u00f3w i prezentacji lokalu.+ 48 609 690 023","og_url":"https:\/\/vtdevelopment.pl\/produkt\/lokal-uzytkowy-przemyslowa-6-zabrze-1349m2\/","og_site_name":"VT Development P.S.A.","article_modified_time":"2026-04-02T10:37:17+00:00","og_image":[{"width":1080,"height":1080,"url":"https:\/\/vtdevelopment.pl\/wp-content\/uploads\/2026\/04\/Kopia-\u2013-Kopia-\u2013-Kopia-\u2013-Kopia-\u2013-Kopia-\u2013-Kopia-\u2013-Kopia-\u2013-Kopia-\u2013-VT-Development.png","type":"image\/png"}],"twitter_card":"summary_large_image","twitter_misc":{"Est. reading time":"1 minute"},"schema":{"@context":"https:\/\/schema.org","@graph":[{"@type":"WebPage","@id":"https:\/\/vtdevelopment.pl\/produkt\/lokal-uzytkowy-przemyslowa-6-zabrze-1349m2\/","url":"https:\/\/vtdevelopment.pl\/produkt\/lokal-uzytkowy-przemyslowa-6-zabrze-1349m2\/","name":"Lokal u\u017cytkowy - Przemys\u0142owa 6, Zabrze 13,49m2 - VT Development P.S.A.","isPartOf":{"@id":"https:\/\/vtdevelopment.pl\/#website"},"primaryImageOfPage":{"@id":"https:\/\/vtdevelopment.pl\/produkt\/lokal-uzytkowy-przemyslowa-6-zabrze-1349m2\/#primaryimage"},"image":{"@id":"https:\/\/vtdevelopment.pl\/produkt\/lokal-uzytkowy-przemyslowa-6-zabrze-1349m2\/#primaryimage"},"thumbnailUrl":"https:\/\/vtdevelopment.pl\/wp-content\/uploads\/2026\/04\/Kopia-\u2013-Kopia-\u2013-Kopia-\u2013-Kopia-\u2013-Kopia-\u2013-Kopia-\u2013-Kopia-\u2013-Kopia-\u2013-VT-Development.png","datePublished":"2026-04-02T10:32:48+00:00","dateModified":"2026-04-02T10:37:17+00:00","description":"Do wynaj\u0119cia lokal u\u017cytkowy o powierzchni 13,49m2 w bardzo dobrej lokalizacji w Zabrzu \u2013 tu\u017c obok Ronda Sybirak\u00f3w.\u00a0*\u015awietna lokalizacja \u2013 du\u017cy ruch pieszych\u00a0*Du\u017ce zag\u0119szczenie mieszka\u0144c\u00f3w w okolicy\u00a0*Mo\u017cliwo\u015b\u0107 parkowania bezpo\u015brednio przy lokalu\u00a0*Idealny pod us\u0142ugi, biuro, sklep lub dzia\u0142alno\u015b\u0107 handlow\u0105 Zapraszamy do kontaktu w celu om\u00f3wienia szczeg\u00f3\u0142\u00f3w i prezentacji lokalu.+ 48 609 690 023","breadcrumb":{"@id":"https:\/\/vtdevelopment.pl\/produkt\/lokal-uzytkowy-przemyslowa-6-zabrze-1349m2\/#breadcrumb"},"inLanguage":"en-US","potentialAction":[{"@type":"ReadAction","target":["https:\/\/vtdevelopment.pl\/produkt\/lokal-uzytkowy-przemyslowa-6-zabrze-1349m2\/"]}]},{"@type":"ImageObject","inLanguage":"en-US","@id":"https:\/\/vtdevelopment.pl\/produkt\/lokal-uzytkowy-przemyslowa-6-zabrze-1349m2\/#primaryimage","url":"https:\/\/vtdevelopment.pl\/wp-content\/uploads\/2026\/04\/Kopia-\u2013-Kopia-\u2013-Kopia-\u2013-Kopia-\u2013-Kopia-\u2013-Kopia-\u2013-Kopia-\u2013-Kopia-\u2013-VT-Development.png","contentUrl":"https:\/\/vtdevelopment.pl\/wp-content\/uploads\/2026\/04\/Kopia-\u2013-Kopia-\u2013-Kopia-\u2013-Kopia-\u2013-Kopia-\u2013-Kopia-\u2013-Kopia-\u2013-Kopia-\u2013-VT-Development.png","width":1080,"height":1080},{"@type":"BreadcrumbList","@id":"https:\/\/vtdevelopment.pl\/produkt\/lokal-uzytkowy-przemyslowa-6-zabrze-1349m2\/#breadcrumb","itemListElement":[{"@type":"ListItem","position":1,"name":"Strona g\u0142\u00f3wna","item":"https:\/\/vtdevelopment.pl\/en\/home\/"},{"@type":"ListItem","position":2,"name":"Shop","item":"https:\/\/vtdevelopment.pl\/en\/shop\/"},{"@type":"ListItem","position":3,"name":"Lokal u\u017cytkowy &#8211; Przemys\u0142owa 6, Zabrze 13,49m2"}]},{"@type":"WebSite","@id":"https:\/\/vtdevelopment.pl\/#website","url":"https:\/\/vtdevelopment.pl\/","name":"VT Development P.S.A.","description":"","potentialAction":[{"@type":"SearchAction","target":{"@type":"EntryPoint","urlTemplate":"https:\/\/vtdevelopment.pl\/?s={search_term_string}"},"query-input":{"@type":"PropertyValueSpecification","valueRequired":true,"valueName":"search_term_string"}}],"inLanguage":"en-US"}]}},"_links":{"self":[{"href":"https:\/\/vtdevelopment.pl\/en\/wp-json\/wp\/v2\/product\/393622"}],"collection":[{"href":"https:\/\/vtdevelopment.pl\/en\/wp-json\/wp\/v2\/product"}],"about":[{"href":"https:\/\/vtdevelopment.pl\/en\/wp-json\/wp\/v2\/types\/product"}],"replies":[{"embeddable":true,"href":"https:\/\/vtdevelopment.pl\/en\/wp-json\/wp\/v2\/comments?post=393622"}],"wp:featuredmedia":[{"embeddable":true,"href":"https:\/\/vtdevelopment.pl\/en\/wp-json\/wp\/v2\/media\/393631"}],"wp:attachment":[{"href":"https:\/\/vtdevelopment.pl\/en\/wp-json\/wp\/v2\/media?parent=393622"}],"wp:term":[{"taxonomy":"product_cat","embeddable":true,"href":"https:\/\/vtdevelopment.pl\/en\/wp-json\/wp\/v2\/product_cat?post=393622"},{"taxonomy":"product_tag","embeddable":true,"href":"https:\/\/vtdevelopment.pl\/en\/wp-json\/wp\/v2\/product_tag?post=393622"}],"curies":[{"name":"wp","href":"https:\/\/api.w.org\/{rel}","templated":true}]}}