{"id":393585,"date":"2026-03-04T11:59:10","date_gmt":"2026-03-04T10:59:10","guid":{"rendered":"https:\/\/vtdevelopment.pl\/?post_type=product&#038;p=393585"},"modified":"2026-03-04T12:09:17","modified_gmt":"2026-03-04T11:09:17","slug":"lokal-uzytkowy-de-gaullea-65-zabrze","status":"publish","type":"product","link":"https:\/\/vtdevelopment.pl\/en\/produkt\/lokal-uzytkowy-de-gaullea-65-zabrze\/","title":{"rendered":"Lokal u\u017cytkowy &#8211; De Gaulle&#8217;a 65 Zabrze"},"content":{"rendered":"<div class=\"xdj266r x14z9mp xat24cr x1lziwak x1vvkbs x126k92a\">\n<div dir=\"auto\">Lokal na wynajem \u2013 Zabrze, ul. De Gaulle\u2019a 65<\/div>\n<div dir=\"auto\"><\/div>\n<\/div>\n<div class=\"x14z9mp xat24cr x1lziwak x1vvkbs xtlvy1s x126k92a\">\n<div dir=\"auto\">Oferujemy do wynaj\u0119cia lokal o powierzchni 64 m\u00b2, po\u0142o\u017cony w centralnej cz\u0119\u015bci Zabrza.<\/div>\n<\/div>\n<div class=\"x14z9mp xat24cr x1lziwak x1vvkbs xtlvy1s x126k92a\">\n<div dir=\"auto\">Zalety lokalizacji:<\/div>\n<\/div>\n<div class=\"x14z9mp xat24cr x1lziwak x1vvkbs xtlvy1s x126k92a\">\n<ul>\n<li dir=\"auto\">Doskona\u0142e po\u0142o\u017cenie i komunikacja \u2013 \u0142atwy dost\u0119p do g\u0142\u00f3wnych dr\u00f3g i przystank\u00f3w komunikacji miejskiej.<\/li>\n<\/ul>\n<\/div>\n<div class=\"x14z9mp xat24cr x1lziwak x1vvkbs xtlvy1s x126k92a\">\n<ul>\n<li dir=\"auto\">Otoczenie biznesowe i infrastruktura \u2013 w pobli\u017cu znajduj\u0105 si\u0119 sklepy, biura oraz punkty us\u0142ugowe.<\/li>\n<\/ul>\n<\/div>\n<div class=\"x14z9mp xat24cr x1lziwak x1vvkbs xtlvy1s x126k92a\">\n<ul>\n<li dir=\"auto\">Dost\u0119p do klient\u00f3w i rynku pracy \u2013 lokal znajduje si\u0119 w centrum o du\u017cym nat\u0119\u017ceniu ruchu pieszych i potencjalnych klient\u00f3w.<\/li>\n<\/ul>\n<\/div>\n<div class=\"x14z9mp xat24cr x1lziwak x1vvkbs xtlvy1s x126k92a\">\n<ul>\n<li dir=\"auto\">Wysokie nat\u0119\u017cenie ruchu pieszych \u2013 zwi\u0119ksza widoczno\u015b\u0107 i potencja\u0142 biznesowy lokalu.<\/li>\n<\/ul>\n<\/div>\n<div class=\"x14z9mp xat24cr x1lziwak x1vvkbs xtlvy1s x126k92a\">\n<ul>\n<li dir=\"auto\">Wizerunek i bezpiecze\u0144stwo \u2013 presti\u017cowa lokalizacja w centrum miasta zapewniaj\u0105ca komfort i bezpiecze\u0144stwo.<\/li>\n<\/ul>\n<\/div>\n<div class=\"x14z9mp xat24cr x1lziwak x1vvkbs xtlvy1s x126k92a\">\n<ul>\n<li dir=\"auto\">KONKURENCYJNY CZYNSZ &#8211; oferujemy lokal w bardzo dobrej lokalizacji w konkurencyjnej cenie, dla firm szukaj\u0105cych idealnego rozwi\u0105zania pod k\u0105tem koszt\u00f3w i presti\u017cu.<\/li>\n<\/ul>\n<\/div>\n<div class=\"x14z9mp xat24cr x1lziwak x1vvkbs xtlvy1s x126k92a\">\n<div dir=\"auto\">Zapraszamy do kontaktu w celu om\u00f3wienia szczeg\u00f3\u0142\u00f3w i prezentacji lokalu.<\/div>\n<\/div>\n<div class=\"x14z9mp xat24cr x1lziwak x1vvkbs xtlvy1s x126k92a\">\n<div dir=\"auto\">+ 48 609 690 023<\/div>\n<\/div>\n","protected":false},"excerpt":{"rendered":"<p>Lokal na wynajem \u2013 Zabrze, ul. De Gaulle\u2019a 65 Oferujemy do wynaj\u0119cia lokal o powierzchni 64 m\u00b2, po\u0142o\u017cony w centralnej cz\u0119\u015bci Zabrza. Zalety lokalizacji: Doskona\u0142e po\u0142o\u017cenie i komunikacja \u2013 \u0142atwy dost\u0119p do g\u0142\u00f3wnych dr\u00f3g i przystank\u00f3w komunikacji miejskiej. Otoczenie biznesowe i infrastruktura \u2013 w pobli\u017cu znajduj\u0105 si\u0119 sklepy, biura oraz punkty us\u0142ugowe. Dost\u0119p do klient\u00f3w [&hellip;]<\/p>\n","protected":false},"featured_media":393598,"comment_status":"open","ping_status":"closed","template":"","meta":{"_et_pb_use_builder":"","_et_pb_old_content":"","_et_gb_content_width":""},"product_cat":[39],"product_tag":[97,93,96,95,115],"yoast_head":"<!-- This site is optimized with the Yoast SEO plugin v24.2 - https:\/\/yoast.com\/wordpress\/plugins\/seo\/ -->\n<title>Lokal u\u017cytkowy - De Gaulle&#039;a 65 Zabrze - VT Development P.S.A.<\/title>\n<meta name=\"description\" content=\"Lokal na wynajem \u2013 Zabrze, ul. De Gaulle\u2019a 65 Lokal o powierzchni 64 m\u00b2, po\u0142o\u017cony w centralnej cz\u0119\u015bci Zabrza. Zalety lokalizacji: KONKURENCYJNY CZYNSZ - oferujemy lokal w bardzo dobrej lokalizacji w konkurencyjnej cenie, dla firm szukaj\u0105cych idealnego rozwi\u0105zania pod k\u0105tem koszt\u00f3w i presti\u017cu. Zapraszamy do kontaktu w celu om\u00f3wienia szczeg\u00f3\u0142\u00f3w i prezentacji lokalu.+ 48 609 690 023\" \/>\n<meta name=\"robots\" content=\"index, follow, max-snippet:-1, max-image-preview:large, max-video-preview:-1\" \/>\n<link rel=\"canonical\" href=\"https:\/\/vtdevelopment.pl\/produkt\/lokal-uzytkowy-de-gaullea-65-zabrze\/\" \/>\n<meta property=\"og:locale\" content=\"en_US\" \/>\n<meta property=\"og:type\" content=\"article\" \/>\n<meta property=\"og:title\" content=\"Lokal u\u017cytkowy - De Gaulle&#039;a 65 Zabrze - VT Development P.S.A.\" \/>\n<meta property=\"og:description\" content=\"Lokal na wynajem \u2013 Zabrze, ul. De Gaulle\u2019a 65 Lokal o powierzchni 64 m\u00b2, po\u0142o\u017cony w centralnej cz\u0119\u015bci Zabrza. Zalety lokalizacji: KONKURENCYJNY CZYNSZ - oferujemy lokal w bardzo dobrej lokalizacji w konkurencyjnej cenie, dla firm szukaj\u0105cych idealnego rozwi\u0105zania pod k\u0105tem koszt\u00f3w i presti\u017cu. Zapraszamy do kontaktu w celu om\u00f3wienia szczeg\u00f3\u0142\u00f3w i prezentacji lokalu.+ 48 609 690 023\" \/>\n<meta property=\"og:url\" content=\"https:\/\/vtdevelopment.pl\/produkt\/lokal-uzytkowy-de-gaullea-65-zabrze\/\" \/>\n<meta property=\"og:site_name\" content=\"VT Development P.S.A.\" \/>\n<meta property=\"article:modified_time\" content=\"2026-03-04T11:09:17+00:00\" \/>\n<meta property=\"og:image\" content=\"https:\/\/vtdevelopment.pl\/wp-content\/uploads\/2026\/03\/Kopia-\u2013-Kopia-\u2013-Kopia-\u2013-Kopia-\u2013-Kopia-\u2013-Kopia-\u2013-VT-Development.png\" \/>\n\t<meta property=\"og:image:width\" content=\"1080\" \/>\n\t<meta property=\"og:image:height\" content=\"1080\" \/>\n\t<meta property=\"og:image:type\" content=\"image\/png\" \/>\n<meta name=\"twitter:card\" content=\"summary_large_image\" \/>\n<meta name=\"twitter:label1\" content=\"Est. reading time\" \/>\n\t<meta name=\"twitter:data1\" content=\"1 minute\" \/>\n<script type=\"application\/ld+json\" class=\"yoast-schema-graph\">{\"@context\":\"https:\/\/schema.org\",\"@graph\":[{\"@type\":\"WebPage\",\"@id\":\"https:\/\/vtdevelopment.pl\/produkt\/lokal-uzytkowy-de-gaullea-65-zabrze\/\",\"url\":\"https:\/\/vtdevelopment.pl\/produkt\/lokal-uzytkowy-de-gaullea-65-zabrze\/\",\"name\":\"Lokal u\u017cytkowy - De Gaulle'a 65 Zabrze - VT Development P.S.A.\",\"isPartOf\":{\"@id\":\"https:\/\/vtdevelopment.pl\/#website\"},\"primaryImageOfPage\":{\"@id\":\"https:\/\/vtdevelopment.pl\/produkt\/lokal-uzytkowy-de-gaullea-65-zabrze\/#primaryimage\"},\"image\":{\"@id\":\"https:\/\/vtdevelopment.pl\/produkt\/lokal-uzytkowy-de-gaullea-65-zabrze\/#primaryimage\"},\"thumbnailUrl\":\"https:\/\/vtdevelopment.pl\/wp-content\/uploads\/2026\/03\/Kopia-\u2013-Kopia-\u2013-Kopia-\u2013-Kopia-\u2013-Kopia-\u2013-Kopia-\u2013-VT-Development.png\",\"datePublished\":\"2026-03-04T10:59:10+00:00\",\"dateModified\":\"2026-03-04T11:09:17+00:00\",\"description\":\"Lokal na wynajem \u2013 Zabrze, ul. De Gaulle\u2019a 65 Lokal o powierzchni 64 m\u00b2, po\u0142o\u017cony w centralnej cz\u0119\u015bci Zabrza. Zalety lokalizacji: KONKURENCYJNY CZYNSZ - oferujemy lokal w bardzo dobrej lokalizacji w konkurencyjnej cenie, dla firm szukaj\u0105cych idealnego rozwi\u0105zania pod k\u0105tem koszt\u00f3w i presti\u017cu. Zapraszamy do kontaktu w celu om\u00f3wienia szczeg\u00f3\u0142\u00f3w i prezentacji lokalu.+ 48 609 690 023\",\"breadcrumb\":{\"@id\":\"https:\/\/vtdevelopment.pl\/produkt\/lokal-uzytkowy-de-gaullea-65-zabrze\/#breadcrumb\"},\"inLanguage\":\"en-US\",\"potentialAction\":[{\"@type\":\"ReadAction\",\"target\":[\"https:\/\/vtdevelopment.pl\/produkt\/lokal-uzytkowy-de-gaullea-65-zabrze\/\"]}]},{\"@type\":\"ImageObject\",\"inLanguage\":\"en-US\",\"@id\":\"https:\/\/vtdevelopment.pl\/produkt\/lokal-uzytkowy-de-gaullea-65-zabrze\/#primaryimage\",\"url\":\"https:\/\/vtdevelopment.pl\/wp-content\/uploads\/2026\/03\/Kopia-\u2013-Kopia-\u2013-Kopia-\u2013-Kopia-\u2013-Kopia-\u2013-Kopia-\u2013-VT-Development.png\",\"contentUrl\":\"https:\/\/vtdevelopment.pl\/wp-content\/uploads\/2026\/03\/Kopia-\u2013-Kopia-\u2013-Kopia-\u2013-Kopia-\u2013-Kopia-\u2013-Kopia-\u2013-VT-Development.png\",\"width\":1080,\"height\":1080},{\"@type\":\"BreadcrumbList\",\"@id\":\"https:\/\/vtdevelopment.pl\/produkt\/lokal-uzytkowy-de-gaullea-65-zabrze\/#breadcrumb\",\"itemListElement\":[{\"@type\":\"ListItem\",\"position\":1,\"name\":\"Strona g\u0142\u00f3wna\",\"item\":\"https:\/\/vtdevelopment.pl\/en\/home\/\"},{\"@type\":\"ListItem\",\"position\":2,\"name\":\"Shop\",\"item\":\"https:\/\/vtdevelopment.pl\/en\/shop\/\"},{\"@type\":\"ListItem\",\"position\":3,\"name\":\"Lokal u\u017cytkowy &#8211; De Gaulle&#8217;a 65 Zabrze\"}]},{\"@type\":\"WebSite\",\"@id\":\"https:\/\/vtdevelopment.pl\/#website\",\"url\":\"https:\/\/vtdevelopment.pl\/\",\"name\":\"VT Development P.S.A.\",\"description\":\"\",\"potentialAction\":[{\"@type\":\"SearchAction\",\"target\":{\"@type\":\"EntryPoint\",\"urlTemplate\":\"https:\/\/vtdevelopment.pl\/?s={search_term_string}\"},\"query-input\":{\"@type\":\"PropertyValueSpecification\",\"valueRequired\":true,\"valueName\":\"search_term_string\"}}],\"inLanguage\":\"en-US\"}]}<\/script>\n<!-- \/ Yoast SEO plugin. -->","yoast_head_json":{"title":"Lokal u\u017cytkowy - De Gaulle'a 65 Zabrze - VT Development P.S.A.","description":"Lokal na wynajem \u2013 Zabrze, ul. De Gaulle\u2019a 65 Lokal o powierzchni 64 m\u00b2, po\u0142o\u017cony w centralnej cz\u0119\u015bci Zabrza. Zalety lokalizacji: KONKURENCYJNY CZYNSZ - oferujemy lokal w bardzo dobrej lokalizacji w konkurencyjnej cenie, dla firm szukaj\u0105cych idealnego rozwi\u0105zania pod k\u0105tem koszt\u00f3w i presti\u017cu. Zapraszamy do kontaktu w celu om\u00f3wienia szczeg\u00f3\u0142\u00f3w i prezentacji lokalu.+ 48 609 690 023","robots":{"index":"index","follow":"follow","max-snippet":"max-snippet:-1","max-image-preview":"max-image-preview:large","max-video-preview":"max-video-preview:-1"},"canonical":"https:\/\/vtdevelopment.pl\/produkt\/lokal-uzytkowy-de-gaullea-65-zabrze\/","og_locale":"en_US","og_type":"article","og_title":"Lokal u\u017cytkowy - De Gaulle'a 65 Zabrze - VT Development P.S.A.","og_description":"Lokal na wynajem \u2013 Zabrze, ul. De Gaulle\u2019a 65 Lokal o powierzchni 64 m\u00b2, po\u0142o\u017cony w centralnej cz\u0119\u015bci Zabrza. Zalety lokalizacji: KONKURENCYJNY CZYNSZ - oferujemy lokal w bardzo dobrej lokalizacji w konkurencyjnej cenie, dla firm szukaj\u0105cych idealnego rozwi\u0105zania pod k\u0105tem koszt\u00f3w i presti\u017cu. Zapraszamy do kontaktu w celu om\u00f3wienia szczeg\u00f3\u0142\u00f3w i prezentacji lokalu.+ 48 609 690 023","og_url":"https:\/\/vtdevelopment.pl\/produkt\/lokal-uzytkowy-de-gaullea-65-zabrze\/","og_site_name":"VT Development P.S.A.","article_modified_time":"2026-03-04T11:09:17+00:00","og_image":[{"width":1080,"height":1080,"url":"https:\/\/vtdevelopment.pl\/wp-content\/uploads\/2026\/03\/Kopia-\u2013-Kopia-\u2013-Kopia-\u2013-Kopia-\u2013-Kopia-\u2013-Kopia-\u2013-VT-Development.png","type":"image\/png"}],"twitter_card":"summary_large_image","twitter_misc":{"Est. reading time":"1 minute"},"schema":{"@context":"https:\/\/schema.org","@graph":[{"@type":"WebPage","@id":"https:\/\/vtdevelopment.pl\/produkt\/lokal-uzytkowy-de-gaullea-65-zabrze\/","url":"https:\/\/vtdevelopment.pl\/produkt\/lokal-uzytkowy-de-gaullea-65-zabrze\/","name":"Lokal u\u017cytkowy - De Gaulle'a 65 Zabrze - VT Development P.S.A.","isPartOf":{"@id":"https:\/\/vtdevelopment.pl\/#website"},"primaryImageOfPage":{"@id":"https:\/\/vtdevelopment.pl\/produkt\/lokal-uzytkowy-de-gaullea-65-zabrze\/#primaryimage"},"image":{"@id":"https:\/\/vtdevelopment.pl\/produkt\/lokal-uzytkowy-de-gaullea-65-zabrze\/#primaryimage"},"thumbnailUrl":"https:\/\/vtdevelopment.pl\/wp-content\/uploads\/2026\/03\/Kopia-\u2013-Kopia-\u2013-Kopia-\u2013-Kopia-\u2013-Kopia-\u2013-Kopia-\u2013-VT-Development.png","datePublished":"2026-03-04T10:59:10+00:00","dateModified":"2026-03-04T11:09:17+00:00","description":"Lokal na wynajem \u2013 Zabrze, ul. De Gaulle\u2019a 65 Lokal o powierzchni 64 m\u00b2, po\u0142o\u017cony w centralnej cz\u0119\u015bci Zabrza. Zalety lokalizacji: KONKURENCYJNY CZYNSZ - oferujemy lokal w bardzo dobrej lokalizacji w konkurencyjnej cenie, dla firm szukaj\u0105cych idealnego rozwi\u0105zania pod k\u0105tem koszt\u00f3w i presti\u017cu. Zapraszamy do kontaktu w celu om\u00f3wienia szczeg\u00f3\u0142\u00f3w i prezentacji lokalu.+ 48 609 690 023","breadcrumb":{"@id":"https:\/\/vtdevelopment.pl\/produkt\/lokal-uzytkowy-de-gaullea-65-zabrze\/#breadcrumb"},"inLanguage":"en-US","potentialAction":[{"@type":"ReadAction","target":["https:\/\/vtdevelopment.pl\/produkt\/lokal-uzytkowy-de-gaullea-65-zabrze\/"]}]},{"@type":"ImageObject","inLanguage":"en-US","@id":"https:\/\/vtdevelopment.pl\/produkt\/lokal-uzytkowy-de-gaullea-65-zabrze\/#primaryimage","url":"https:\/\/vtdevelopment.pl\/wp-content\/uploads\/2026\/03\/Kopia-\u2013-Kopia-\u2013-Kopia-\u2013-Kopia-\u2013-Kopia-\u2013-Kopia-\u2013-VT-Development.png","contentUrl":"https:\/\/vtdevelopment.pl\/wp-content\/uploads\/2026\/03\/Kopia-\u2013-Kopia-\u2013-Kopia-\u2013-Kopia-\u2013-Kopia-\u2013-Kopia-\u2013-VT-Development.png","width":1080,"height":1080},{"@type":"BreadcrumbList","@id":"https:\/\/vtdevelopment.pl\/produkt\/lokal-uzytkowy-de-gaullea-65-zabrze\/#breadcrumb","itemListElement":[{"@type":"ListItem","position":1,"name":"Strona g\u0142\u00f3wna","item":"https:\/\/vtdevelopment.pl\/en\/home\/"},{"@type":"ListItem","position":2,"name":"Shop","item":"https:\/\/vtdevelopment.pl\/en\/shop\/"},{"@type":"ListItem","position":3,"name":"Lokal u\u017cytkowy &#8211; De Gaulle&#8217;a 65 Zabrze"}]},{"@type":"WebSite","@id":"https:\/\/vtdevelopment.pl\/#website","url":"https:\/\/vtdevelopment.pl\/","name":"VT Development P.S.A.","description":"","potentialAction":[{"@type":"SearchAction","target":{"@type":"EntryPoint","urlTemplate":"https:\/\/vtdevelopment.pl\/?s={search_term_string}"},"query-input":{"@type":"PropertyValueSpecification","valueRequired":true,"valueName":"search_term_string"}}],"inLanguage":"en-US"}]}},"_links":{"self":[{"href":"https:\/\/vtdevelopment.pl\/en\/wp-json\/wp\/v2\/product\/393585"}],"collection":[{"href":"https:\/\/vtdevelopment.pl\/en\/wp-json\/wp\/v2\/product"}],"about":[{"href":"https:\/\/vtdevelopment.pl\/en\/wp-json\/wp\/v2\/types\/product"}],"replies":[{"embeddable":true,"href":"https:\/\/vtdevelopment.pl\/en\/wp-json\/wp\/v2\/comments?post=393585"}],"wp:featuredmedia":[{"embeddable":true,"href":"https:\/\/vtdevelopment.pl\/en\/wp-json\/wp\/v2\/media\/393598"}],"wp:attachment":[{"href":"https:\/\/vtdevelopment.pl\/en\/wp-json\/wp\/v2\/media?parent=393585"}],"wp:term":[{"taxonomy":"product_cat","embeddable":true,"href":"https:\/\/vtdevelopment.pl\/en\/wp-json\/wp\/v2\/product_cat?post=393585"},{"taxonomy":"product_tag","embeddable":true,"href":"https:\/\/vtdevelopment.pl\/en\/wp-json\/wp\/v2\/product_tag?post=393585"}],"curies":[{"name":"wp","href":"https:\/\/api.w.org\/{rel}","templated":true}]}}