{"id":393563,"date":"2025-12-19T09:14:53","date_gmt":"2025-12-19T08:14:53","guid":{"rendered":"https:\/\/vtdevelopment.pl\/?post_type=product&#038;p=393563"},"modified":"2025-12-19T10:11:18","modified_gmt":"2025-12-19T09:11:18","slug":"lokal-uzytkowy-wolnosci-287-zabrze-12720m2","status":"publish","type":"product","link":"https:\/\/vtdevelopment.pl\/en\/produkt\/lokal-uzytkowy-wolnosci-287-zabrze-12720m2\/","title":{"rendered":"Lokal u\u017cytkowy &#8211; Wolno\u015bci 287, Zabrze 127,20m2"},"content":{"rendered":"<h3 class=\"css-aql5t3\">Do <strong>wynaj\u0119cia<\/strong> przestronny lokal u\u017cytkowy o wysokim standardzie \u2013 ul. Wolno\u015bci 287, Zabrze<\/h3>\n<p>Oferuj\u0119 wynajem przestronnego lokalu u\u017cytkowego zlokalizowanego na parterze naro\u017cnego budynku przy ul. Wolno\u015bci 287 w Zabrzu. Lokal wyr\u00f3\u017cnia si\u0119 doskona\u0142\u0105 widoczno\u015bci\u0105 dzi\u0119ki dwustronnej ekspozycji, co idealnie sprawdzi si\u0119 do promowania Twojej dzia\u0142alno\u015bci.<\/p>\n<h3 class=\"css-aql5t3\"><strong>Lokalizacja<\/strong><\/h3>\n<p>Lokal znajduje si\u0119 w samym sercu Zabrza, w s\u0105siedztwie Galerii Zabrze, Urz\u0119du Miasta oraz g\u0142\u00f3wnego deptaku. To strategiczne po\u0142o\u017cenie gwarantuje du\u017ce nat\u0119\u017cenie ruchu pieszych i samochodowego, co sprzyja rozwojowi biznesu.<\/p>\n<p><strong>Opis lokalu <\/strong><\/p>\n<h3 class=\"css-aql5t3\">Powierzchnia: Du\u017ca sala sprzeda\u017cy, idealna do dzia\u0142alno\u015bci handlowej, us\u0142ugowej lub biurowej.<br \/>\nWyposa\u017cenie: Lokal posiada zaplecze sanitarne, ogrzewanie z sieci miejskiej oraz klimatyzacj\u0119, zapewniaj\u0105c komfort u\u017cytkowania o ka\u017cdej porze roku.<\/h3>\n<p><strong>Stan techniczny:<\/strong><br \/>\nWysoki standard wyko\u0144czenia, gotowy do rozpocz\u0119cia dzia\u0142alno\u015bci.<\/p>\n<p><strong>Dodatkowe atuty<\/strong><br \/>\n&#8211; Lokal po instytucji bankowej \u2013 potwierdzenie wysokiej jako\u015bci przestrzeni.<br \/>\n&#8211; \u015awietna komunikacja \u2013 w pobli\u017cu przystanki komunikacji miejskiej, co u\u0142atwia dost\u0119p dla klient\u00f3w i pracownik\u00f3w.<br \/>\n&#8211; Atrakcyjna, naro\u017cna lokalizacja zwi\u0119kszaj\u0105ca widoczno\u015b\u0107 i presti\u017c.<\/p>\n<p><strong>Zapraszam na prezentacj\u0119!<\/strong><\/p>\n<p>Nie czekaj \u2013 skontaktuj si\u0119 z nami, aby uzyska\u0107 wi\u0119cej informacji i um\u00f3wi\u0107 si\u0119 na obejrzenie lokalu. To idealne miejsce na Tw\u00f3j biznes!<\/p>\n<p>Ograniczenia: zakaz sprzeda\u017cy alkoholu oraz prowadzenia dzia\u0142alno\u015bci konkurencyjnej do sklepu Jubilerskiego (lokal obok).<\/p>\n","protected":false},"excerpt":{"rendered":"<p>Do wynaj\u0119cia przestronny lokal u\u017cytkowy o wysokim standardzie \u2013 ul. Wolno\u015bci 287, Zabrze Oferuj\u0119 wynajem przestronnego lokalu u\u017cytkowego zlokalizowanego na parterze naro\u017cnego budynku przy ul. Wolno\u015bci 287 w Zabrzu. Lokal wyr\u00f3\u017cnia si\u0119 doskona\u0142\u0105 widoczno\u015bci\u0105 dzi\u0119ki dwustronnej ekspozycji, co idealnie sprawdzi si\u0119 do promowania Twojej dzia\u0142alno\u015bci. Lokalizacja Lokal znajduje si\u0119 w samym sercu Zabrza, w s\u0105siedztwie [&hellip;]<\/p>\n","protected":false},"featured_media":393581,"comment_status":"open","ping_status":"closed","template":"","meta":{"_et_pb_use_builder":"","_et_pb_old_content":"","_et_gb_content_width":""},"product_cat":[39],"product_tag":[97,93,94,96,95],"yoast_head":"<!-- This site is optimized with the Yoast SEO plugin v24.2 - https:\/\/yoast.com\/wordpress\/plugins\/seo\/ -->\n<title>Lokal u\u017cytkowy - Wolno\u015bci 287, Zabrze 127,20m2 - VT Development P.S.A.<\/title>\n<meta name=\"description\" content=\"Do wynaj\u0119cia przestronny lokal u\u017cytkowy o wysokim standardzie \u2013 ul. Wolno\u015bci 287, ZabrzeOferuj\u0119 wynajem przestronnego lokalu u\u017cytkowego zlokalizowanego na parterze naro\u017cnego budynku przy ul. Wolno\u015bci 287 w Zabrzu. Lokal wyr\u00f3\u017cnia si\u0119 doskona\u0142\u0105 widoczno\u015bci\u0105 dzi\u0119ki dwustronnej ekspozycji, co idealnie sprawdzi si\u0119 do promowania Twojej dzia\u0142alno\u015bci.\" \/>\n<meta name=\"robots\" content=\"index, follow, max-snippet:-1, max-image-preview:large, max-video-preview:-1\" \/>\n<link rel=\"canonical\" href=\"https:\/\/vtdevelopment.pl\/produkt\/lokal-uzytkowy-wolnosci-287-zabrze-12720m2\/\" \/>\n<meta property=\"og:locale\" content=\"en_US\" \/>\n<meta property=\"og:type\" content=\"article\" \/>\n<meta property=\"og:title\" content=\"Lokal u\u017cytkowy - Wolno\u015bci 287, Zabrze 127,20m2 - VT Development P.S.A.\" \/>\n<meta property=\"og:description\" content=\"Do wynaj\u0119cia przestronny lokal u\u017cytkowy o wysokim standardzie \u2013 ul. Wolno\u015bci 287, ZabrzeOferuj\u0119 wynajem przestronnego lokalu u\u017cytkowego zlokalizowanego na parterze naro\u017cnego budynku przy ul. Wolno\u015bci 287 w Zabrzu. Lokal wyr\u00f3\u017cnia si\u0119 doskona\u0142\u0105 widoczno\u015bci\u0105 dzi\u0119ki dwustronnej ekspozycji, co idealnie sprawdzi si\u0119 do promowania Twojej dzia\u0142alno\u015bci.\" \/>\n<meta property=\"og:url\" content=\"https:\/\/vtdevelopment.pl\/produkt\/lokal-uzytkowy-wolnosci-287-zabrze-12720m2\/\" \/>\n<meta property=\"og:site_name\" content=\"VT Development P.S.A.\" \/>\n<meta property=\"article:modified_time\" content=\"2025-12-19T09:11:18+00:00\" \/>\n<meta property=\"og:image\" content=\"https:\/\/vtdevelopment.pl\/wp-content\/uploads\/2025\/12\/Kopia-\u2013-Kopia-\u2013-Kopia-\u2013-Kopia-\u2013-VT-Development-2-1.png\" \/>\n\t<meta property=\"og:image:width\" content=\"1080\" \/>\n\t<meta property=\"og:image:height\" content=\"1080\" \/>\n\t<meta property=\"og:image:type\" content=\"image\/png\" \/>\n<meta name=\"twitter:card\" content=\"summary_large_image\" \/>\n<meta name=\"twitter:label1\" content=\"Est. reading time\" \/>\n\t<meta name=\"twitter:data1\" content=\"2 minutes\" \/>\n<script type=\"application\/ld+json\" class=\"yoast-schema-graph\">{\"@context\":\"https:\/\/schema.org\",\"@graph\":[{\"@type\":\"WebPage\",\"@id\":\"https:\/\/vtdevelopment.pl\/produkt\/lokal-uzytkowy-wolnosci-287-zabrze-12720m2\/\",\"url\":\"https:\/\/vtdevelopment.pl\/produkt\/lokal-uzytkowy-wolnosci-287-zabrze-12720m2\/\",\"name\":\"Lokal u\u017cytkowy - Wolno\u015bci 287, Zabrze 127,20m2 - VT Development P.S.A.\",\"isPartOf\":{\"@id\":\"https:\/\/vtdevelopment.pl\/#website\"},\"primaryImageOfPage\":{\"@id\":\"https:\/\/vtdevelopment.pl\/produkt\/lokal-uzytkowy-wolnosci-287-zabrze-12720m2\/#primaryimage\"},\"image\":{\"@id\":\"https:\/\/vtdevelopment.pl\/produkt\/lokal-uzytkowy-wolnosci-287-zabrze-12720m2\/#primaryimage\"},\"thumbnailUrl\":\"https:\/\/vtdevelopment.pl\/wp-content\/uploads\/2025\/12\/Kopia-\u2013-Kopia-\u2013-Kopia-\u2013-Kopia-\u2013-VT-Development-2-1.png\",\"datePublished\":\"2025-12-19T08:14:53+00:00\",\"dateModified\":\"2025-12-19T09:11:18+00:00\",\"description\":\"Do wynaj\u0119cia przestronny lokal u\u017cytkowy o wysokim standardzie \u2013 ul. Wolno\u015bci 287, ZabrzeOferuj\u0119 wynajem przestronnego lokalu u\u017cytkowego zlokalizowanego na parterze naro\u017cnego budynku przy ul. Wolno\u015bci 287 w Zabrzu. Lokal wyr\u00f3\u017cnia si\u0119 doskona\u0142\u0105 widoczno\u015bci\u0105 dzi\u0119ki dwustronnej ekspozycji, co idealnie sprawdzi si\u0119 do promowania Twojej dzia\u0142alno\u015bci.\",\"breadcrumb\":{\"@id\":\"https:\/\/vtdevelopment.pl\/produkt\/lokal-uzytkowy-wolnosci-287-zabrze-12720m2\/#breadcrumb\"},\"inLanguage\":\"en-US\",\"potentialAction\":[{\"@type\":\"ReadAction\",\"target\":[\"https:\/\/vtdevelopment.pl\/produkt\/lokal-uzytkowy-wolnosci-287-zabrze-12720m2\/\"]}]},{\"@type\":\"ImageObject\",\"inLanguage\":\"en-US\",\"@id\":\"https:\/\/vtdevelopment.pl\/produkt\/lokal-uzytkowy-wolnosci-287-zabrze-12720m2\/#primaryimage\",\"url\":\"https:\/\/vtdevelopment.pl\/wp-content\/uploads\/2025\/12\/Kopia-\u2013-Kopia-\u2013-Kopia-\u2013-Kopia-\u2013-VT-Development-2-1.png\",\"contentUrl\":\"https:\/\/vtdevelopment.pl\/wp-content\/uploads\/2025\/12\/Kopia-\u2013-Kopia-\u2013-Kopia-\u2013-Kopia-\u2013-VT-Development-2-1.png\",\"width\":1080,\"height\":1080},{\"@type\":\"BreadcrumbList\",\"@id\":\"https:\/\/vtdevelopment.pl\/produkt\/lokal-uzytkowy-wolnosci-287-zabrze-12720m2\/#breadcrumb\",\"itemListElement\":[{\"@type\":\"ListItem\",\"position\":1,\"name\":\"Strona g\u0142\u00f3wna\",\"item\":\"https:\/\/vtdevelopment.pl\/en\/home\/\"},{\"@type\":\"ListItem\",\"position\":2,\"name\":\"Shop\",\"item\":\"https:\/\/vtdevelopment.pl\/en\/shop\/\"},{\"@type\":\"ListItem\",\"position\":3,\"name\":\"Lokal u\u017cytkowy &#8211; Wolno\u015bci 287, Zabrze 127,20m2\"}]},{\"@type\":\"WebSite\",\"@id\":\"https:\/\/vtdevelopment.pl\/#website\",\"url\":\"https:\/\/vtdevelopment.pl\/\",\"name\":\"VT Development P.S.A.\",\"description\":\"\",\"potentialAction\":[{\"@type\":\"SearchAction\",\"target\":{\"@type\":\"EntryPoint\",\"urlTemplate\":\"https:\/\/vtdevelopment.pl\/?s={search_term_string}\"},\"query-input\":{\"@type\":\"PropertyValueSpecification\",\"valueRequired\":true,\"valueName\":\"search_term_string\"}}],\"inLanguage\":\"en-US\"}]}<\/script>\n<!-- \/ Yoast SEO plugin. -->","yoast_head_json":{"title":"Lokal u\u017cytkowy - Wolno\u015bci 287, Zabrze 127,20m2 - VT Development P.S.A.","description":"Do wynaj\u0119cia przestronny lokal u\u017cytkowy o wysokim standardzie \u2013 ul. Wolno\u015bci 287, ZabrzeOferuj\u0119 wynajem przestronnego lokalu u\u017cytkowego zlokalizowanego na parterze naro\u017cnego budynku przy ul. Wolno\u015bci 287 w Zabrzu. Lokal wyr\u00f3\u017cnia si\u0119 doskona\u0142\u0105 widoczno\u015bci\u0105 dzi\u0119ki dwustronnej ekspozycji, co idealnie sprawdzi si\u0119 do promowania Twojej dzia\u0142alno\u015bci.","robots":{"index":"index","follow":"follow","max-snippet":"max-snippet:-1","max-image-preview":"max-image-preview:large","max-video-preview":"max-video-preview:-1"},"canonical":"https:\/\/vtdevelopment.pl\/produkt\/lokal-uzytkowy-wolnosci-287-zabrze-12720m2\/","og_locale":"en_US","og_type":"article","og_title":"Lokal u\u017cytkowy - Wolno\u015bci 287, Zabrze 127,20m2 - VT Development P.S.A.","og_description":"Do wynaj\u0119cia przestronny lokal u\u017cytkowy o wysokim standardzie \u2013 ul. Wolno\u015bci 287, ZabrzeOferuj\u0119 wynajem przestronnego lokalu u\u017cytkowego zlokalizowanego na parterze naro\u017cnego budynku przy ul. Wolno\u015bci 287 w Zabrzu. Lokal wyr\u00f3\u017cnia si\u0119 doskona\u0142\u0105 widoczno\u015bci\u0105 dzi\u0119ki dwustronnej ekspozycji, co idealnie sprawdzi si\u0119 do promowania Twojej dzia\u0142alno\u015bci.","og_url":"https:\/\/vtdevelopment.pl\/produkt\/lokal-uzytkowy-wolnosci-287-zabrze-12720m2\/","og_site_name":"VT Development P.S.A.","article_modified_time":"2025-12-19T09:11:18+00:00","og_image":[{"width":1080,"height":1080,"url":"https:\/\/vtdevelopment.pl\/wp-content\/uploads\/2025\/12\/Kopia-\u2013-Kopia-\u2013-Kopia-\u2013-Kopia-\u2013-VT-Development-2-1.png","type":"image\/png"}],"twitter_card":"summary_large_image","twitter_misc":{"Est. reading time":"2 minutes"},"schema":{"@context":"https:\/\/schema.org","@graph":[{"@type":"WebPage","@id":"https:\/\/vtdevelopment.pl\/produkt\/lokal-uzytkowy-wolnosci-287-zabrze-12720m2\/","url":"https:\/\/vtdevelopment.pl\/produkt\/lokal-uzytkowy-wolnosci-287-zabrze-12720m2\/","name":"Lokal u\u017cytkowy - Wolno\u015bci 287, Zabrze 127,20m2 - VT Development P.S.A.","isPartOf":{"@id":"https:\/\/vtdevelopment.pl\/#website"},"primaryImageOfPage":{"@id":"https:\/\/vtdevelopment.pl\/produkt\/lokal-uzytkowy-wolnosci-287-zabrze-12720m2\/#primaryimage"},"image":{"@id":"https:\/\/vtdevelopment.pl\/produkt\/lokal-uzytkowy-wolnosci-287-zabrze-12720m2\/#primaryimage"},"thumbnailUrl":"https:\/\/vtdevelopment.pl\/wp-content\/uploads\/2025\/12\/Kopia-\u2013-Kopia-\u2013-Kopia-\u2013-Kopia-\u2013-VT-Development-2-1.png","datePublished":"2025-12-19T08:14:53+00:00","dateModified":"2025-12-19T09:11:18+00:00","description":"Do wynaj\u0119cia przestronny lokal u\u017cytkowy o wysokim standardzie \u2013 ul. Wolno\u015bci 287, ZabrzeOferuj\u0119 wynajem przestronnego lokalu u\u017cytkowego zlokalizowanego na parterze naro\u017cnego budynku przy ul. Wolno\u015bci 287 w Zabrzu. Lokal wyr\u00f3\u017cnia si\u0119 doskona\u0142\u0105 widoczno\u015bci\u0105 dzi\u0119ki dwustronnej ekspozycji, co idealnie sprawdzi si\u0119 do promowania Twojej dzia\u0142alno\u015bci.","breadcrumb":{"@id":"https:\/\/vtdevelopment.pl\/produkt\/lokal-uzytkowy-wolnosci-287-zabrze-12720m2\/#breadcrumb"},"inLanguage":"en-US","potentialAction":[{"@type":"ReadAction","target":["https:\/\/vtdevelopment.pl\/produkt\/lokal-uzytkowy-wolnosci-287-zabrze-12720m2\/"]}]},{"@type":"ImageObject","inLanguage":"en-US","@id":"https:\/\/vtdevelopment.pl\/produkt\/lokal-uzytkowy-wolnosci-287-zabrze-12720m2\/#primaryimage","url":"https:\/\/vtdevelopment.pl\/wp-content\/uploads\/2025\/12\/Kopia-\u2013-Kopia-\u2013-Kopia-\u2013-Kopia-\u2013-VT-Development-2-1.png","contentUrl":"https:\/\/vtdevelopment.pl\/wp-content\/uploads\/2025\/12\/Kopia-\u2013-Kopia-\u2013-Kopia-\u2013-Kopia-\u2013-VT-Development-2-1.png","width":1080,"height":1080},{"@type":"BreadcrumbList","@id":"https:\/\/vtdevelopment.pl\/produkt\/lokal-uzytkowy-wolnosci-287-zabrze-12720m2\/#breadcrumb","itemListElement":[{"@type":"ListItem","position":1,"name":"Strona g\u0142\u00f3wna","item":"https:\/\/vtdevelopment.pl\/en\/home\/"},{"@type":"ListItem","position":2,"name":"Shop","item":"https:\/\/vtdevelopment.pl\/en\/shop\/"},{"@type":"ListItem","position":3,"name":"Lokal u\u017cytkowy &#8211; Wolno\u015bci 287, Zabrze 127,20m2"}]},{"@type":"WebSite","@id":"https:\/\/vtdevelopment.pl\/#website","url":"https:\/\/vtdevelopment.pl\/","name":"VT Development P.S.A.","description":"","potentialAction":[{"@type":"SearchAction","target":{"@type":"EntryPoint","urlTemplate":"https:\/\/vtdevelopment.pl\/?s={search_term_string}"},"query-input":{"@type":"PropertyValueSpecification","valueRequired":true,"valueName":"search_term_string"}}],"inLanguage":"en-US"}]}},"_links":{"self":[{"href":"https:\/\/vtdevelopment.pl\/en\/wp-json\/wp\/v2\/product\/393563"}],"collection":[{"href":"https:\/\/vtdevelopment.pl\/en\/wp-json\/wp\/v2\/product"}],"about":[{"href":"https:\/\/vtdevelopment.pl\/en\/wp-json\/wp\/v2\/types\/product"}],"replies":[{"embeddable":true,"href":"https:\/\/vtdevelopment.pl\/en\/wp-json\/wp\/v2\/comments?post=393563"}],"wp:featuredmedia":[{"embeddable":true,"href":"https:\/\/vtdevelopment.pl\/en\/wp-json\/wp\/v2\/media\/393581"}],"wp:attachment":[{"href":"https:\/\/vtdevelopment.pl\/en\/wp-json\/wp\/v2\/media?parent=393563"}],"wp:term":[{"taxonomy":"product_cat","embeddable":true,"href":"https:\/\/vtdevelopment.pl\/en\/wp-json\/wp\/v2\/product_cat?post=393563"},{"taxonomy":"product_tag","embeddable":true,"href":"https:\/\/vtdevelopment.pl\/en\/wp-json\/wp\/v2\/product_tag?post=393563"}],"curies":[{"name":"wp","href":"https:\/\/api.w.org\/{rel}","templated":true}]}}