{"id":393527,"date":"2025-11-04T12:29:27","date_gmt":"2025-11-04T11:29:27","guid":{"rendered":"https:\/\/vtdevelopment.pl\/?post_type=product&#038;p=393527"},"modified":"2025-12-19T10:11:52","modified_gmt":"2025-12-19T09:11:52","slug":"lokal-uzytkowy-jana-pawla-ii-2-ruda-slaska","status":"publish","type":"product","link":"https:\/\/vtdevelopment.pl\/en\/produkt\/lokal-uzytkowy-jana-pawla-ii-2-ruda-slaska\/","title":{"rendered":"Lokal u\u017cytkowy &#8211; Jana Paw\u0142a II 2, Ruda \u015al\u0105ska"},"content":{"rendered":"<h2><strong>Przestronny lokal us\u0142ugowy na wynajem w Rudzie \u015al\u0105skiej ul. Jana Paw\u0142a II 2\u00a0<\/strong><\/h2>\n<p>Z przyjemno\u015bci\u0105 oferuj\u0119 Pa\u0144stwu wynajem przestronnej powierzchni us\u0142ugowej zlokalizowanej w samym centrum Rudy \u015al\u0105skiej przy ul. Jana Paw\u0142a II 2. Lokal usytuowany jest w <strong data-start=\"122\" data-end=\"150\">zabytkowej i presti\u017cowej<\/strong> kamienicy \u2014 jednej z wizyt\u00f3wek Rudy \u015al\u0105skiej. Z okna wida\u0107 Ratusz, wej\u015bcie jest bezpo\u015brednio od strony Rynku.<\/p>\n<h2>Szczeg\u00f3\u0142y oferty:<\/h2>\n<h4><strong>Powierzchnia najmu:<\/strong><\/h4>\n<p>Lokal znajduje si\u0119 na parterze budynku, sk\u0142ada si\u0119 z pomieszczenia us\u0142ugowego oraz zaplecza.<\/p>\n<ul>\n<li><strong>\u0141\u0105czna powierzchnia 98,20 m2<\/strong><\/li>\n<\/ul>\n<p>Wej\u015bcie od strony rynku.<\/p>\n<h4><strong>Standard wyko\u0144czenia:<\/strong><\/h4>\n<ul>\n<li>Instalacja wodno-kanalizacyjna dost\u0119pna w budynku.<\/li>\n<li>Instalacja elektryczna \u2013 indywidualna umowa z dostawc\u0105 energii.<\/li>\n<li>Ogrzewanie centralne (C.O.)<\/li>\n<li>Klimatyzator<\/li>\n<\/ul>\n<h4><strong>Warunki najmu:<\/strong><\/h4>\n<ul>\n<li><strong>Stawka czynszu<\/strong>: 3200 z\u0142 netto<\/li>\n<li>Media rozliczane wed\u0142ug rzeczywistego zu\u017cycia.<\/li>\n<li><strong>Kaucja<\/strong>: r\u00f3wnowarto\u015b\u0107 dwukrotnego czynszu.<\/li>\n<\/ul>\n<p>Lokal jest gotowy do u\u017cytku i nie wymaga du\u017cych nak\u0142ad\u00f3w adaptacyjnych. Mo\u017cliwo\u015b\u0107 ca\u0142kowitej adaptacji dostosowanej do u\u017cytkowania lokalu.<\/p>\n<p><strong>Dost\u0119pno\u015b\u0107<\/strong>: od zaraz.<\/p>\n<p>Serdecznie zapraszam do kontaktu w celu uzyskania dodatkowych informacji lub um\u00f3wienia si\u0119 na prezentacj\u0119. Ch\u0119tnie odpowiem na wszystkie pytania!<\/p>\n","protected":false},"excerpt":{"rendered":"<p>Przestronny lokal us\u0142ugowy na wynajem w Rudzie \u015al\u0105skiej ul. Jana Paw\u0142a II 2\u00a0 Z przyjemno\u015bci\u0105 oferuj\u0119 Pa\u0144stwu wynajem przestronnej powierzchni us\u0142ugowej zlokalizowanej w samym centrum Rudy \u015al\u0105skiej przy ul. Jana Paw\u0142a II 2. Lokal usytuowany jest w zabytkowej i presti\u017cowej kamienicy \u2014 jednej z wizyt\u00f3wek Rudy \u015al\u0105skiej. Z okna wida\u0107 Ratusz, wej\u015bcie jest bezpo\u015brednio od [&hellip;]<\/p>\n","protected":false},"featured_media":393553,"comment_status":"open","ping_status":"closed","template":"","meta":{"_et_pb_use_builder":"","_et_pb_old_content":"","_et_gb_content_width":""},"product_cat":[39],"product_tag":[97,93,94,96,95],"yoast_head":"<!-- This site is optimized with the Yoast SEO plugin v24.2 - https:\/\/yoast.com\/wordpress\/plugins\/seo\/ -->\n<title>Lokal u\u017cytkowy - Jana Paw\u0142a II 2, Ruda \u015al\u0105ska - VT Development P.S.A.<\/title>\n<meta name=\"description\" content=\"Lokal na wynajem przy samym rynku w Rudzie \u015al\u0105skiej. Du\u017ce przeszklenia! \u015awietna lokalizacja. Widok z okna na Ratusz. Miejsce w klimatycznej, ponadczasowej kamienicy w sercu Rudy \u015al\u0105skiej.\" \/>\n<meta name=\"robots\" content=\"index, follow, max-snippet:-1, max-image-preview:large, max-video-preview:-1\" \/>\n<link rel=\"canonical\" href=\"https:\/\/vtdevelopment.pl\/produkt\/lokal-uzytkowy-jana-pawla-ii-2-ruda-slaska\/\" \/>\n<meta property=\"og:locale\" content=\"en_US\" \/>\n<meta property=\"og:type\" content=\"article\" \/>\n<meta property=\"og:title\" content=\"Lokal u\u017cytkowy - Jana Paw\u0142a II 2, Ruda \u015al\u0105ska - VT Development P.S.A.\" \/>\n<meta property=\"og:description\" content=\"Lokal na wynajem przy samym rynku w Rudzie \u015al\u0105skiej. Du\u017ce przeszklenia! \u015awietna lokalizacja. Widok z okna na Ratusz. Miejsce w klimatycznej, ponadczasowej kamienicy w sercu Rudy \u015al\u0105skiej.\" \/>\n<meta property=\"og:url\" content=\"https:\/\/vtdevelopment.pl\/produkt\/lokal-uzytkowy-jana-pawla-ii-2-ruda-slaska\/\" \/>\n<meta property=\"og:site_name\" content=\"VT Development P.S.A.\" \/>\n<meta property=\"article:modified_time\" content=\"2025-12-19T09:11:52+00:00\" \/>\n<meta property=\"og:image\" content=\"https:\/\/vtdevelopment.pl\/wp-content\/uploads\/2025\/11\/Jana-Pawla-II-glowna.png\" \/>\n\t<meta property=\"og:image:width\" content=\"1080\" \/>\n\t<meta property=\"og:image:height\" content=\"1080\" \/>\n\t<meta property=\"og:image:type\" content=\"image\/png\" \/>\n<meta name=\"twitter:card\" content=\"summary_large_image\" \/>\n<meta name=\"twitter:label1\" content=\"Est. reading time\" \/>\n\t<meta name=\"twitter:data1\" content=\"2 minutes\" \/>\n<script type=\"application\/ld+json\" class=\"yoast-schema-graph\">{\"@context\":\"https:\/\/schema.org\",\"@graph\":[{\"@type\":\"WebPage\",\"@id\":\"https:\/\/vtdevelopment.pl\/produkt\/lokal-uzytkowy-jana-pawla-ii-2-ruda-slaska\/\",\"url\":\"https:\/\/vtdevelopment.pl\/produkt\/lokal-uzytkowy-jana-pawla-ii-2-ruda-slaska\/\",\"name\":\"Lokal u\u017cytkowy - Jana Paw\u0142a II 2, Ruda \u015al\u0105ska - VT Development P.S.A.\",\"isPartOf\":{\"@id\":\"https:\/\/vtdevelopment.pl\/#website\"},\"primaryImageOfPage\":{\"@id\":\"https:\/\/vtdevelopment.pl\/produkt\/lokal-uzytkowy-jana-pawla-ii-2-ruda-slaska\/#primaryimage\"},\"image\":{\"@id\":\"https:\/\/vtdevelopment.pl\/produkt\/lokal-uzytkowy-jana-pawla-ii-2-ruda-slaska\/#primaryimage\"},\"thumbnailUrl\":\"https:\/\/vtdevelopment.pl\/wp-content\/uploads\/2025\/11\/Jana-Pawla-II-glowna.png\",\"datePublished\":\"2025-11-04T11:29:27+00:00\",\"dateModified\":\"2025-12-19T09:11:52+00:00\",\"description\":\"Lokal na wynajem przy samym rynku w Rudzie \u015al\u0105skiej. Du\u017ce przeszklenia! \u015awietna lokalizacja. Widok z okna na Ratusz. Miejsce w klimatycznej, ponadczasowej kamienicy w sercu Rudy \u015al\u0105skiej.\",\"breadcrumb\":{\"@id\":\"https:\/\/vtdevelopment.pl\/produkt\/lokal-uzytkowy-jana-pawla-ii-2-ruda-slaska\/#breadcrumb\"},\"inLanguage\":\"en-US\",\"potentialAction\":[{\"@type\":\"ReadAction\",\"target\":[\"https:\/\/vtdevelopment.pl\/produkt\/lokal-uzytkowy-jana-pawla-ii-2-ruda-slaska\/\"]}]},{\"@type\":\"ImageObject\",\"inLanguage\":\"en-US\",\"@id\":\"https:\/\/vtdevelopment.pl\/produkt\/lokal-uzytkowy-jana-pawla-ii-2-ruda-slaska\/#primaryimage\",\"url\":\"https:\/\/vtdevelopment.pl\/wp-content\/uploads\/2025\/11\/Jana-Pawla-II-glowna.png\",\"contentUrl\":\"https:\/\/vtdevelopment.pl\/wp-content\/uploads\/2025\/11\/Jana-Pawla-II-glowna.png\",\"width\":1080,\"height\":1080},{\"@type\":\"BreadcrumbList\",\"@id\":\"https:\/\/vtdevelopment.pl\/produkt\/lokal-uzytkowy-jana-pawla-ii-2-ruda-slaska\/#breadcrumb\",\"itemListElement\":[{\"@type\":\"ListItem\",\"position\":1,\"name\":\"Strona g\u0142\u00f3wna\",\"item\":\"https:\/\/vtdevelopment.pl\/en\/home\/\"},{\"@type\":\"ListItem\",\"position\":2,\"name\":\"Shop\",\"item\":\"https:\/\/vtdevelopment.pl\/en\/shop\/\"},{\"@type\":\"ListItem\",\"position\":3,\"name\":\"Lokal u\u017cytkowy &#8211; Jana Paw\u0142a II 2, Ruda \u015al\u0105ska\"}]},{\"@type\":\"WebSite\",\"@id\":\"https:\/\/vtdevelopment.pl\/#website\",\"url\":\"https:\/\/vtdevelopment.pl\/\",\"name\":\"VT Development P.S.A.\",\"description\":\"\",\"potentialAction\":[{\"@type\":\"SearchAction\",\"target\":{\"@type\":\"EntryPoint\",\"urlTemplate\":\"https:\/\/vtdevelopment.pl\/?s={search_term_string}\"},\"query-input\":{\"@type\":\"PropertyValueSpecification\",\"valueRequired\":true,\"valueName\":\"search_term_string\"}}],\"inLanguage\":\"en-US\"}]}<\/script>\n<!-- \/ Yoast SEO plugin. -->","yoast_head_json":{"title":"Lokal u\u017cytkowy - Jana Paw\u0142a II 2, Ruda \u015al\u0105ska - VT Development P.S.A.","description":"Lokal na wynajem przy samym rynku w Rudzie \u015al\u0105skiej. Du\u017ce przeszklenia! \u015awietna lokalizacja. Widok z okna na Ratusz. Miejsce w klimatycznej, ponadczasowej kamienicy w sercu Rudy \u015al\u0105skiej.","robots":{"index":"index","follow":"follow","max-snippet":"max-snippet:-1","max-image-preview":"max-image-preview:large","max-video-preview":"max-video-preview:-1"},"canonical":"https:\/\/vtdevelopment.pl\/produkt\/lokal-uzytkowy-jana-pawla-ii-2-ruda-slaska\/","og_locale":"en_US","og_type":"article","og_title":"Lokal u\u017cytkowy - Jana Paw\u0142a II 2, Ruda \u015al\u0105ska - VT Development P.S.A.","og_description":"Lokal na wynajem przy samym rynku w Rudzie \u015al\u0105skiej. Du\u017ce przeszklenia! \u015awietna lokalizacja. Widok z okna na Ratusz. Miejsce w klimatycznej, ponadczasowej kamienicy w sercu Rudy \u015al\u0105skiej.","og_url":"https:\/\/vtdevelopment.pl\/produkt\/lokal-uzytkowy-jana-pawla-ii-2-ruda-slaska\/","og_site_name":"VT Development P.S.A.","article_modified_time":"2025-12-19T09:11:52+00:00","og_image":[{"width":1080,"height":1080,"url":"https:\/\/vtdevelopment.pl\/wp-content\/uploads\/2025\/11\/Jana-Pawla-II-glowna.png","type":"image\/png"}],"twitter_card":"summary_large_image","twitter_misc":{"Est. reading time":"2 minutes"},"schema":{"@context":"https:\/\/schema.org","@graph":[{"@type":"WebPage","@id":"https:\/\/vtdevelopment.pl\/produkt\/lokal-uzytkowy-jana-pawla-ii-2-ruda-slaska\/","url":"https:\/\/vtdevelopment.pl\/produkt\/lokal-uzytkowy-jana-pawla-ii-2-ruda-slaska\/","name":"Lokal u\u017cytkowy - Jana Paw\u0142a II 2, Ruda \u015al\u0105ska - VT Development P.S.A.","isPartOf":{"@id":"https:\/\/vtdevelopment.pl\/#website"},"primaryImageOfPage":{"@id":"https:\/\/vtdevelopment.pl\/produkt\/lokal-uzytkowy-jana-pawla-ii-2-ruda-slaska\/#primaryimage"},"image":{"@id":"https:\/\/vtdevelopment.pl\/produkt\/lokal-uzytkowy-jana-pawla-ii-2-ruda-slaska\/#primaryimage"},"thumbnailUrl":"https:\/\/vtdevelopment.pl\/wp-content\/uploads\/2025\/11\/Jana-Pawla-II-glowna.png","datePublished":"2025-11-04T11:29:27+00:00","dateModified":"2025-12-19T09:11:52+00:00","description":"Lokal na wynajem przy samym rynku w Rudzie \u015al\u0105skiej. Du\u017ce przeszklenia! \u015awietna lokalizacja. Widok z okna na Ratusz. Miejsce w klimatycznej, ponadczasowej kamienicy w sercu Rudy \u015al\u0105skiej.","breadcrumb":{"@id":"https:\/\/vtdevelopment.pl\/produkt\/lokal-uzytkowy-jana-pawla-ii-2-ruda-slaska\/#breadcrumb"},"inLanguage":"en-US","potentialAction":[{"@type":"ReadAction","target":["https:\/\/vtdevelopment.pl\/produkt\/lokal-uzytkowy-jana-pawla-ii-2-ruda-slaska\/"]}]},{"@type":"ImageObject","inLanguage":"en-US","@id":"https:\/\/vtdevelopment.pl\/produkt\/lokal-uzytkowy-jana-pawla-ii-2-ruda-slaska\/#primaryimage","url":"https:\/\/vtdevelopment.pl\/wp-content\/uploads\/2025\/11\/Jana-Pawla-II-glowna.png","contentUrl":"https:\/\/vtdevelopment.pl\/wp-content\/uploads\/2025\/11\/Jana-Pawla-II-glowna.png","width":1080,"height":1080},{"@type":"BreadcrumbList","@id":"https:\/\/vtdevelopment.pl\/produkt\/lokal-uzytkowy-jana-pawla-ii-2-ruda-slaska\/#breadcrumb","itemListElement":[{"@type":"ListItem","position":1,"name":"Strona g\u0142\u00f3wna","item":"https:\/\/vtdevelopment.pl\/en\/home\/"},{"@type":"ListItem","position":2,"name":"Shop","item":"https:\/\/vtdevelopment.pl\/en\/shop\/"},{"@type":"ListItem","position":3,"name":"Lokal u\u017cytkowy &#8211; Jana Paw\u0142a II 2, Ruda \u015al\u0105ska"}]},{"@type":"WebSite","@id":"https:\/\/vtdevelopment.pl\/#website","url":"https:\/\/vtdevelopment.pl\/","name":"VT Development P.S.A.","description":"","potentialAction":[{"@type":"SearchAction","target":{"@type":"EntryPoint","urlTemplate":"https:\/\/vtdevelopment.pl\/?s={search_term_string}"},"query-input":{"@type":"PropertyValueSpecification","valueRequired":true,"valueName":"search_term_string"}}],"inLanguage":"en-US"}]}},"_links":{"self":[{"href":"https:\/\/vtdevelopment.pl\/en\/wp-json\/wp\/v2\/product\/393527"}],"collection":[{"href":"https:\/\/vtdevelopment.pl\/en\/wp-json\/wp\/v2\/product"}],"about":[{"href":"https:\/\/vtdevelopment.pl\/en\/wp-json\/wp\/v2\/types\/product"}],"replies":[{"embeddable":true,"href":"https:\/\/vtdevelopment.pl\/en\/wp-json\/wp\/v2\/comments?post=393527"}],"wp:featuredmedia":[{"embeddable":true,"href":"https:\/\/vtdevelopment.pl\/en\/wp-json\/wp\/v2\/media\/393553"}],"wp:attachment":[{"href":"https:\/\/vtdevelopment.pl\/en\/wp-json\/wp\/v2\/media?parent=393527"}],"wp:term":[{"taxonomy":"product_cat","embeddable":true,"href":"https:\/\/vtdevelopment.pl\/en\/wp-json\/wp\/v2\/product_cat?post=393527"},{"taxonomy":"product_tag","embeddable":true,"href":"https:\/\/vtdevelopment.pl\/en\/wp-json\/wp\/v2\/product_tag?post=393527"}],"curies":[{"name":"wp","href":"https:\/\/api.w.org\/{rel}","templated":true}]}}