{"id":393418,"date":"2025-07-02T07:48:40","date_gmt":"2025-07-02T05:48:40","guid":{"rendered":"https:\/\/vtdevelopment.pl\/?post_type=product&#038;p=393418"},"modified":"2025-07-02T08:51:34","modified_gmt":"2025-07-02T06:51:34","slug":"lokal-biurowy-ul-podmlynka-gdansk","status":"publish","type":"product","link":"https:\/\/vtdevelopment.pl\/en\/produkt\/lokal-biurowy-ul-podmlynka-gdansk\/","title":{"rendered":"Lokal u\u017cytkowy \u2013 ul. Podm\u0142y\u0144ska 1, Gda\u0144sk"},"content":{"rendered":"<p class=\"\" data-start=\"122\" data-end=\"187\"><strong data-start=\"122\" data-end=\"187\">Lokal u\u017cytkowy do wynaj\u0119cia \u2013Gda\u0144sk, Podm\u0142y\u0144ska 1<\/strong><\/p>\n<p class=\"\" data-start=\"1176\" data-end=\"1209\">Oferta lokalu w przygotowaniu.<\/p>\n<p class=\"\" data-start=\"1211\" data-end=\"1315\">A w mi\u0119dzyczasie, je\u017celi szukasz lokalu w tej lokalizacji &#8211; zapraszamy do kontaktu w celu uzyskania dodatkowych informacji oraz um\u00f3wienia si\u0119 na prezentacj\u0119 lokalu.<\/p>\n","protected":false},"excerpt":{"rendered":"<p>W przygotowaniu<\/p>\n","protected":false},"featured_media":393414,"comment_status":"open","ping_status":"closed","template":"","meta":{"_et_pb_use_builder":"","_et_pb_old_content":"","_et_gb_content_width":""},"product_cat":[58],"product_tag":[],"yoast_head":"<!-- This site is optimized with the Yoast SEO plugin v24.2 - https:\/\/yoast.com\/wordpress\/plugins\/seo\/ -->\n<title>Lokal u\u017cytkowy \u2013 ul. Podm\u0142y\u0144ska 1, Gda\u0144sk - VT Development P.S.A.<\/title>\n<meta name=\"description\" content=\"Do wynaj\u0119cia lokal u\u017cytkowy w Gda\u0144sku na ul. Podm\u0142y\u0144skiej. Szukasz lokalu w \u015ar\u00f3dmie\u015bciu? Zadzwo\u0144.\" \/>\n<meta name=\"robots\" content=\"index, follow, max-snippet:-1, max-image-preview:large, max-video-preview:-1\" \/>\n<link rel=\"canonical\" href=\"https:\/\/vtdevelopment.pl\/produkt\/lokal-biurowy-ul-podmlynka-gdansk\/\" \/>\n<meta property=\"og:locale\" content=\"en_US\" \/>\n<meta property=\"og:type\" content=\"article\" \/>\n<meta property=\"og:title\" content=\"Lokal u\u017cytkowy \u2013 ul. Podm\u0142y\u0144ska 1, Gda\u0144sk - VT Development P.S.A.\" \/>\n<meta property=\"og:description\" content=\"Do wynaj\u0119cia lokal u\u017cytkowy w Gda\u0144sku na ul. Podm\u0142y\u0144skiej. Szukasz lokalu w \u015ar\u00f3dmie\u015bciu? Zadzwo\u0144.\" \/>\n<meta property=\"og:url\" content=\"https:\/\/vtdevelopment.pl\/produkt\/lokal-biurowy-ul-podmlynka-gdansk\/\" \/>\n<meta property=\"og:site_name\" content=\"VT Development P.S.A.\" \/>\n<meta property=\"article:modified_time\" content=\"2025-07-02T06:51:34+00:00\" \/>\n<meta property=\"og:image\" content=\"https:\/\/vtdevelopment.pl\/wp-content\/uploads\/2025\/07\/Kopia-\u2013-Projekt-bez-nazwy-7.png\" \/>\n\t<meta property=\"og:image:width\" content=\"1080\" \/>\n\t<meta property=\"og:image:height\" content=\"1080\" \/>\n\t<meta property=\"og:image:type\" content=\"image\/png\" \/>\n<meta name=\"twitter:card\" content=\"summary_large_image\" \/>\n<meta name=\"twitter:label1\" content=\"Est. reading time\" \/>\n\t<meta name=\"twitter:data1\" content=\"1 minute\" \/>\n<script type=\"application\/ld+json\" class=\"yoast-schema-graph\">{\"@context\":\"https:\/\/schema.org\",\"@graph\":[{\"@type\":\"WebPage\",\"@id\":\"https:\/\/vtdevelopment.pl\/produkt\/lokal-biurowy-ul-podmlynka-gdansk\/\",\"url\":\"https:\/\/vtdevelopment.pl\/produkt\/lokal-biurowy-ul-podmlynka-gdansk\/\",\"name\":\"Lokal u\u017cytkowy \u2013 ul. Podm\u0142y\u0144ska 1, Gda\u0144sk - VT Development P.S.A.\",\"isPartOf\":{\"@id\":\"https:\/\/vtdevelopment.pl\/#website\"},\"primaryImageOfPage\":{\"@id\":\"https:\/\/vtdevelopment.pl\/produkt\/lokal-biurowy-ul-podmlynka-gdansk\/#primaryimage\"},\"image\":{\"@id\":\"https:\/\/vtdevelopment.pl\/produkt\/lokal-biurowy-ul-podmlynka-gdansk\/#primaryimage\"},\"thumbnailUrl\":\"https:\/\/vtdevelopment.pl\/wp-content\/uploads\/2025\/07\/Kopia-\u2013-Projekt-bez-nazwy-7.png\",\"datePublished\":\"2025-07-02T05:48:40+00:00\",\"dateModified\":\"2025-07-02T06:51:34+00:00\",\"description\":\"Do wynaj\u0119cia lokal u\u017cytkowy w Gda\u0144sku na ul. Podm\u0142y\u0144skiej. Szukasz lokalu w \u015ar\u00f3dmie\u015bciu? Zadzwo\u0144.\",\"breadcrumb\":{\"@id\":\"https:\/\/vtdevelopment.pl\/produkt\/lokal-biurowy-ul-podmlynka-gdansk\/#breadcrumb\"},\"inLanguage\":\"en-US\",\"potentialAction\":[{\"@type\":\"ReadAction\",\"target\":[\"https:\/\/vtdevelopment.pl\/produkt\/lokal-biurowy-ul-podmlynka-gdansk\/\"]}]},{\"@type\":\"ImageObject\",\"inLanguage\":\"en-US\",\"@id\":\"https:\/\/vtdevelopment.pl\/produkt\/lokal-biurowy-ul-podmlynka-gdansk\/#primaryimage\",\"url\":\"https:\/\/vtdevelopment.pl\/wp-content\/uploads\/2025\/07\/Kopia-\u2013-Projekt-bez-nazwy-7.png\",\"contentUrl\":\"https:\/\/vtdevelopment.pl\/wp-content\/uploads\/2025\/07\/Kopia-\u2013-Projekt-bez-nazwy-7.png\",\"width\":1080,\"height\":1080},{\"@type\":\"BreadcrumbList\",\"@id\":\"https:\/\/vtdevelopment.pl\/produkt\/lokal-biurowy-ul-podmlynka-gdansk\/#breadcrumb\",\"itemListElement\":[{\"@type\":\"ListItem\",\"position\":1,\"name\":\"Strona g\u0142\u00f3wna\",\"item\":\"https:\/\/vtdevelopment.pl\/en\/home\/\"},{\"@type\":\"ListItem\",\"position\":2,\"name\":\"Shop\",\"item\":\"https:\/\/vtdevelopment.pl\/en\/shop\/\"},{\"@type\":\"ListItem\",\"position\":3,\"name\":\"Lokal u\u017cytkowy \u2013 ul. Podm\u0142y\u0144ska 1, Gda\u0144sk\"}]},{\"@type\":\"WebSite\",\"@id\":\"https:\/\/vtdevelopment.pl\/#website\",\"url\":\"https:\/\/vtdevelopment.pl\/\",\"name\":\"VT Development P.S.A.\",\"description\":\"\",\"potentialAction\":[{\"@type\":\"SearchAction\",\"target\":{\"@type\":\"EntryPoint\",\"urlTemplate\":\"https:\/\/vtdevelopment.pl\/?s={search_term_string}\"},\"query-input\":{\"@type\":\"PropertyValueSpecification\",\"valueRequired\":true,\"valueName\":\"search_term_string\"}}],\"inLanguage\":\"en-US\"}]}<\/script>\n<!-- \/ Yoast SEO plugin. -->","yoast_head_json":{"title":"Lokal u\u017cytkowy \u2013 ul. Podm\u0142y\u0144ska 1, Gda\u0144sk - VT Development P.S.A.","description":"Do wynaj\u0119cia lokal u\u017cytkowy w Gda\u0144sku na ul. Podm\u0142y\u0144skiej. Szukasz lokalu w \u015ar\u00f3dmie\u015bciu? Zadzwo\u0144.","robots":{"index":"index","follow":"follow","max-snippet":"max-snippet:-1","max-image-preview":"max-image-preview:large","max-video-preview":"max-video-preview:-1"},"canonical":"https:\/\/vtdevelopment.pl\/produkt\/lokal-biurowy-ul-podmlynka-gdansk\/","og_locale":"en_US","og_type":"article","og_title":"Lokal u\u017cytkowy \u2013 ul. Podm\u0142y\u0144ska 1, Gda\u0144sk - VT Development P.S.A.","og_description":"Do wynaj\u0119cia lokal u\u017cytkowy w Gda\u0144sku na ul. Podm\u0142y\u0144skiej. Szukasz lokalu w \u015ar\u00f3dmie\u015bciu? Zadzwo\u0144.","og_url":"https:\/\/vtdevelopment.pl\/produkt\/lokal-biurowy-ul-podmlynka-gdansk\/","og_site_name":"VT Development P.S.A.","article_modified_time":"2025-07-02T06:51:34+00:00","og_image":[{"width":1080,"height":1080,"url":"https:\/\/vtdevelopment.pl\/wp-content\/uploads\/2025\/07\/Kopia-\u2013-Projekt-bez-nazwy-7.png","type":"image\/png"}],"twitter_card":"summary_large_image","twitter_misc":{"Est. reading time":"1 minute"},"schema":{"@context":"https:\/\/schema.org","@graph":[{"@type":"WebPage","@id":"https:\/\/vtdevelopment.pl\/produkt\/lokal-biurowy-ul-podmlynka-gdansk\/","url":"https:\/\/vtdevelopment.pl\/produkt\/lokal-biurowy-ul-podmlynka-gdansk\/","name":"Lokal u\u017cytkowy \u2013 ul. Podm\u0142y\u0144ska 1, Gda\u0144sk - VT Development P.S.A.","isPartOf":{"@id":"https:\/\/vtdevelopment.pl\/#website"},"primaryImageOfPage":{"@id":"https:\/\/vtdevelopment.pl\/produkt\/lokal-biurowy-ul-podmlynka-gdansk\/#primaryimage"},"image":{"@id":"https:\/\/vtdevelopment.pl\/produkt\/lokal-biurowy-ul-podmlynka-gdansk\/#primaryimage"},"thumbnailUrl":"https:\/\/vtdevelopment.pl\/wp-content\/uploads\/2025\/07\/Kopia-\u2013-Projekt-bez-nazwy-7.png","datePublished":"2025-07-02T05:48:40+00:00","dateModified":"2025-07-02T06:51:34+00:00","description":"Do wynaj\u0119cia lokal u\u017cytkowy w Gda\u0144sku na ul. Podm\u0142y\u0144skiej. Szukasz lokalu w \u015ar\u00f3dmie\u015bciu? Zadzwo\u0144.","breadcrumb":{"@id":"https:\/\/vtdevelopment.pl\/produkt\/lokal-biurowy-ul-podmlynka-gdansk\/#breadcrumb"},"inLanguage":"en-US","potentialAction":[{"@type":"ReadAction","target":["https:\/\/vtdevelopment.pl\/produkt\/lokal-biurowy-ul-podmlynka-gdansk\/"]}]},{"@type":"ImageObject","inLanguage":"en-US","@id":"https:\/\/vtdevelopment.pl\/produkt\/lokal-biurowy-ul-podmlynka-gdansk\/#primaryimage","url":"https:\/\/vtdevelopment.pl\/wp-content\/uploads\/2025\/07\/Kopia-\u2013-Projekt-bez-nazwy-7.png","contentUrl":"https:\/\/vtdevelopment.pl\/wp-content\/uploads\/2025\/07\/Kopia-\u2013-Projekt-bez-nazwy-7.png","width":1080,"height":1080},{"@type":"BreadcrumbList","@id":"https:\/\/vtdevelopment.pl\/produkt\/lokal-biurowy-ul-podmlynka-gdansk\/#breadcrumb","itemListElement":[{"@type":"ListItem","position":1,"name":"Strona g\u0142\u00f3wna","item":"https:\/\/vtdevelopment.pl\/en\/home\/"},{"@type":"ListItem","position":2,"name":"Shop","item":"https:\/\/vtdevelopment.pl\/en\/shop\/"},{"@type":"ListItem","position":3,"name":"Lokal u\u017cytkowy \u2013 ul. Podm\u0142y\u0144ska 1, Gda\u0144sk"}]},{"@type":"WebSite","@id":"https:\/\/vtdevelopment.pl\/#website","url":"https:\/\/vtdevelopment.pl\/","name":"VT Development P.S.A.","description":"","potentialAction":[{"@type":"SearchAction","target":{"@type":"EntryPoint","urlTemplate":"https:\/\/vtdevelopment.pl\/?s={search_term_string}"},"query-input":{"@type":"PropertyValueSpecification","valueRequired":true,"valueName":"search_term_string"}}],"inLanguage":"en-US"}]}},"_links":{"self":[{"href":"https:\/\/vtdevelopment.pl\/en\/wp-json\/wp\/v2\/product\/393418"}],"collection":[{"href":"https:\/\/vtdevelopment.pl\/en\/wp-json\/wp\/v2\/product"}],"about":[{"href":"https:\/\/vtdevelopment.pl\/en\/wp-json\/wp\/v2\/types\/product"}],"replies":[{"embeddable":true,"href":"https:\/\/vtdevelopment.pl\/en\/wp-json\/wp\/v2\/comments?post=393418"}],"wp:featuredmedia":[{"embeddable":true,"href":"https:\/\/vtdevelopment.pl\/en\/wp-json\/wp\/v2\/media\/393414"}],"wp:attachment":[{"href":"https:\/\/vtdevelopment.pl\/en\/wp-json\/wp\/v2\/media?parent=393418"}],"wp:term":[{"taxonomy":"product_cat","embeddable":true,"href":"https:\/\/vtdevelopment.pl\/en\/wp-json\/wp\/v2\/product_cat?post=393418"},{"taxonomy":"product_tag","embeddable":true,"href":"https:\/\/vtdevelopment.pl\/en\/wp-json\/wp\/v2\/product_tag?post=393418"}],"curies":[{"name":"wp","href":"https:\/\/api.w.org\/{rel}","templated":true}]}}